{"id":2,"date":"2024-02-28T09:17:29","date_gmt":"2024-02-28T08:17:29","guid":{"rendered":"https:\/\/www.bodaborg.ch\/english-version-local\/?page_id=2"},"modified":"2026-02-27T14:06:47","modified_gmt":"2026-02-27T13:06:47","slug":"exempelsida","status":"publish","type":"page","link":"https:\/\/www.bodaborg.ch\/zurich\/","title":{"rendered":"Home page"},"content":{"rendered":"\r\n<p>Detta \u00e4r en exempelsida. Den skiljer sig fr\u00e5n ett blogginl\u00e4gg genom att den finns kvar p\u00e5 samma plats och kommer att visas i din webbplatsnavigering (i de flesta teman). De flesta b\u00f6rjar med en Om-sida som presenterar dem f\u00f6r potentiella bes\u00f6kare. Den skulle t.ex kunna ha f\u00f6ljande inneh\u00e5ll:<\/p>\r\n\r\n\r\n\r\n<blockquote class=\"wp-block-quote is-layout-flow wp-block-quote-is-layout-flow\">\r\n<p>Hej d\u00e4r! Jag \u00e4r cykelbud p\u00e5 dagen, blivande sk\u00e5despelare p\u00e5 natten och detta \u00e4r min blogg. Jag bor i \u00d6rebro, har en katt som heter Lurv och jag gillar Pina Coladas. (och att simma i G\u00f6ta kanal).<\/p>\r\n<\/blockquote>\r\n\r\n\r\n\r\n<p>\u2026 eller n\u00e5got liknande detta:<\/p>\r\n\r\n\r\n\r\n<blockquote class=\"wp-block-quote is-layout-flow wp-block-quote-is-layout-flow\">\r\n<p>F\u00f6retaget AB grundades 1971 och har sedan dess varit den st\u00f6rsta leverant\u00f6ren av grunk-manicker p\u00e5 den svenska marknaden. FAB finns i utkanten av Gr\u00f6nk\u00f6ping, har drygt 20\u00a0000 anst\u00e4llda och l\u00e4ser veckobladet varje \u00e5r.<\/p>\r\n<\/blockquote>\r\n\r\n\r\n\r\n<p>Som ny WordPress-anv\u00e4ndare b\u00f6r du g\u00e5 till <a href=\"https:\/\/www.bodaborg.ch\/english-version-local\/wp-admin\/\">din adminpanel<\/a> f\u00f6r att ta bort denna sida och skapa nya sidor f\u00f6r ditt inneh\u00e5ll. Lycka till!<\/p>\r\n","protected":false},"excerpt":{"rendered":"<p>Detta \u00e4r en exempelsida. Den skiljer sig fr\u00e5n ett blogginl\u00e4gg genom att den finns kvar p\u00e5 samma plats och kommer att visas i din webbplatsnavigering (i de flesta teman). De flesta b\u00f6rjar med en Om-sida som presenterar dem f\u00f6r potentiella bes\u00f6kare. Den skulle t.ex kunna ha f\u00f6ljande inneh\u00e5ll: Hej d\u00e4r! Jag \u00e4r cykelbud p\u00e5 dagen, [&hellip;]<\/p>\n","protected":false},"author":1,"featured_media":0,"parent":0,"menu_order":0,"comment_status":"closed","ping_status":"open","template":"","meta":{"footnotes":""},"class_list":["post-2","page","type-page","status-publish","hentry"],"acf":[],"yoast_head":"<!-- This site is optimized with the Yoast SEO plugin v27.3 - https:\/\/yoast.com\/product\/yoast-seo-wordpress\/ -->\n<title>Home page - Boda Borg Z\u00fcrich<\/title>\n<meta name=\"robots\" content=\"index, follow, max-snippet:-1, max-image-preview:large, max-video-preview:-1\" \/>\n<link rel=\"canonical\" href=\"https:\/\/www.bodaborg.ch\/zurich\/\" \/>\n<meta property=\"og:locale\" content=\"de_DE\" \/>\n<meta property=\"og:type\" content=\"article\" \/>\n<meta property=\"og:title\" content=\"Home page - Boda Borg Z\u00fcrich\" \/>\n<meta property=\"og:description\" content=\"Detta \u00e4r en exempelsida. Den skiljer sig fr\u00e5n ett blogginl\u00e4gg genom att den finns kvar p\u00e5 samma plats och kommer att visas i din webbplatsnavigering (i de flesta teman). De flesta b\u00f6rjar med en Om-sida som presenterar dem f\u00f6r potentiella bes\u00f6kare. Den skulle t.ex kunna ha f\u00f6ljande inneh\u00e5ll: Hej d\u00e4r! Jag \u00e4r cykelbud p\u00e5 dagen, [&hellip;]\" \/>\n<meta property=\"og:url\" content=\"https:\/\/www.bodaborg.ch\/zurich\/\" \/>\n<meta property=\"og:site_name\" content=\"Boda Borg Z\u00fcrich\" \/>\n<meta property=\"article:modified_time\" content=\"2026-02-27T13:06:47+00:00\" \/>\n<meta name=\"twitter:card\" content=\"summary_large_image\" \/>\n<meta name=\"twitter:label1\" content=\"Gesch\u00e4tzte Lesezeit\" \/>\n\t<meta name=\"twitter:data1\" content=\"1\u00a0Minute\" \/>\n<script type=\"application\/ld+json\" class=\"yoast-schema-graph\">{\"@context\":\"https:\\\/\\\/schema.org\",\"@graph\":[{\"@type\":\"WebPage\",\"@id\":\"https:\\\/\\\/www.bodaborg.ch\\\/zurich\\\/\",\"url\":\"https:\\\/\\\/www.bodaborg.ch\\\/zurich\\\/\",\"name\":\"Home page - Boda Borg Z\u00fcrich\",\"isPartOf\":{\"@id\":\"https:\\\/\\\/www.bodaborg.ch\\\/zurich\\\/#website\"},\"datePublished\":\"2024-02-28T08:17:29+00:00\",\"dateModified\":\"2026-02-27T13:06:47+00:00\",\"breadcrumb\":{\"@id\":\"https:\\\/\\\/www.bodaborg.ch\\\/zurich\\\/#breadcrumb\"},\"inLanguage\":\"de\",\"potentialAction\":[{\"@type\":\"ReadAction\",\"target\":[\"https:\\\/\\\/www.bodaborg.ch\\\/zurich\\\/\"]}]},{\"@type\":\"BreadcrumbList\",\"@id\":\"https:\\\/\\\/www.bodaborg.ch\\\/zurich\\\/#breadcrumb\",\"itemListElement\":[{\"@type\":\"ListItem\",\"position\":1,\"name\":\"Home\",\"item\":\"https:\\\/\\\/www.bodaborg.ch\\\/zurich\\\/\"},{\"@type\":\"ListItem\",\"position\":2,\"name\":\"Home page\"}]},{\"@type\":\"WebSite\",\"@id\":\"https:\\\/\\\/www.bodaborg.ch\\\/zurich\\\/#website\",\"url\":\"https:\\\/\\\/www.bodaborg.ch\\\/zurich\\\/\",\"name\":\"Boda Borg Z\u00fcrich\",\"description\":\"\",\"potentialAction\":[{\"@type\":\"SearchAction\",\"target\":{\"@type\":\"EntryPoint\",\"urlTemplate\":\"https:\\\/\\\/www.bodaborg.ch\\\/zurich\\\/?s={search_term_string}\"},\"query-input\":{\"@type\":\"PropertyValueSpecification\",\"valueRequired\":true,\"valueName\":\"search_term_string\"}}],\"inLanguage\":\"de\"}]}<\/script>\n<!-- \/ Yoast SEO plugin. -->","yoast_head_json":{"title":"Home page - Boda Borg Z\u00fcrich","robots":{"index":"index","follow":"follow","max-snippet":"max-snippet:-1","max-image-preview":"max-image-preview:large","max-video-preview":"max-video-preview:-1"},"canonical":"https:\/\/www.bodaborg.ch\/zurich\/","og_locale":"de_DE","og_type":"article","og_title":"Home page - Boda Borg Z\u00fcrich","og_description":"Detta \u00e4r en exempelsida. Den skiljer sig fr\u00e5n ett blogginl\u00e4gg genom att den finns kvar p\u00e5 samma plats och kommer att visas i din webbplatsnavigering (i de flesta teman). De flesta b\u00f6rjar med en Om-sida som presenterar dem f\u00f6r potentiella bes\u00f6kare. Den skulle t.ex kunna ha f\u00f6ljande inneh\u00e5ll: Hej d\u00e4r! Jag \u00e4r cykelbud p\u00e5 dagen, [&hellip;]","og_url":"https:\/\/www.bodaborg.ch\/zurich\/","og_site_name":"Boda Borg Z\u00fcrich","article_modified_time":"2026-02-27T13:06:47+00:00","twitter_card":"summary_large_image","twitter_misc":{"Gesch\u00e4tzte Lesezeit":"1\u00a0Minute"},"schema":{"@context":"https:\/\/schema.org","@graph":[{"@type":"WebPage","@id":"https:\/\/www.bodaborg.ch\/zurich\/","url":"https:\/\/www.bodaborg.ch\/zurich\/","name":"Home page - Boda Borg Z\u00fcrich","isPartOf":{"@id":"https:\/\/www.bodaborg.ch\/zurich\/#website"},"datePublished":"2024-02-28T08:17:29+00:00","dateModified":"2026-02-27T13:06:47+00:00","breadcrumb":{"@id":"https:\/\/www.bodaborg.ch\/zurich\/#breadcrumb"},"inLanguage":"de","potentialAction":[{"@type":"ReadAction","target":["https:\/\/www.bodaborg.ch\/zurich\/"]}]},{"@type":"BreadcrumbList","@id":"https:\/\/www.bodaborg.ch\/zurich\/#breadcrumb","itemListElement":[{"@type":"ListItem","position":1,"name":"Home","item":"https:\/\/www.bodaborg.ch\/zurich\/"},{"@type":"ListItem","position":2,"name":"Home page"}]},{"@type":"WebSite","@id":"https:\/\/www.bodaborg.ch\/zurich\/#website","url":"https:\/\/www.bodaborg.ch\/zurich\/","name":"Boda Borg Z\u00fcrich","description":"","potentialAction":[{"@type":"SearchAction","target":{"@type":"EntryPoint","urlTemplate":"https:\/\/www.bodaborg.ch\/zurich\/?s={search_term_string}"},"query-input":{"@type":"PropertyValueSpecification","valueRequired":true,"valueName":"search_term_string"}}],"inLanguage":"de"}]}},"_links":{"self":[{"href":"https:\/\/www.bodaborg.ch\/zurich\/wp-json\/wp\/v2\/pages\/2","targetHints":{"allow":["GET"]}}],"collection":[{"href":"https:\/\/www.bodaborg.ch\/zurich\/wp-json\/wp\/v2\/pages"}],"about":[{"href":"https:\/\/www.bodaborg.ch\/zurich\/wp-json\/wp\/v2\/types\/page"}],"author":[{"embeddable":true,"href":"https:\/\/www.bodaborg.ch\/zurich\/wp-json\/wp\/v2\/users\/1"}],"replies":[{"embeddable":true,"href":"https:\/\/www.bodaborg.ch\/zurich\/wp-json\/wp\/v2\/comments?post=2"}],"version-history":[{"count":135,"href":"https:\/\/www.bodaborg.ch\/zurich\/wp-json\/wp\/v2\/pages\/2\/revisions"}],"predecessor-version":[{"id":2194,"href":"https:\/\/www.bodaborg.ch\/zurich\/wp-json\/wp\/v2\/pages\/2\/revisions\/2194"}],"wp:attachment":[{"href":"https:\/\/www.bodaborg.ch\/zurich\/wp-json\/wp\/v2\/media?parent=2"}],"curies":[{"name":"wp","href":"https:\/\/api.w.org\/{rel}","templated":true}]}}